{"id":155019,"date":"2007-01-24T11:20:10","date_gmt":"2007-01-24T11:20:10","guid":{"rendered":"https:\/\/autominiature.be\/product\/elevateur-tout-terrain-2\/"},"modified":"2016-05-27T04:10:05","modified_gmt":"2016-05-27T04:10:05","slug":"elevateur-tout-terrain","status":"publish","type":"product","link":"https:\/\/autominiature.be\/en\/produit\/elevateur-tout-terrain\/","title":{"rendered":"\u00e9l\u00e9vateur tout terrain"},"content":{"rendered":"<p>\u00e9l\u00e9vateur tout terrain Sanderson<\/p>\n","protected":false},"excerpt":{"rendered":"<p>\u00e9l\u00e9vateur tout terrain Sanderson <\/p>\n","protected":false},"featured_media":155022,"comment_status":"open","ping_status":"closed","template":"","meta":{"_acf_changed":false,"om_disable_all_campaigns":false,"_themeisle_gutenberg_block_has_review":false},"product_brand":[],"product_cat":[1622],"product_tag":[],"class_list":{"0":"post-155019","1":"product","2":"type-product","3":"status-publish","4":"has-post-thumbnail","6":"product_cat-agricole-en","7":"manufacturers-britains","8":"brands-sanderson","9":"scales-1674","11":"first","12":"outofstock","13":"taxable","14":"shipping-taxable","15":"purchasable","16":"product-type-simple"},"acf":[],"aioseo_notices":[],"_links":{"self":[{"href":"https:\/\/autominiature.be\/en\/wp-json\/wp\/v2\/product\/155019","targetHints":{"allow":["GET"]}}],"collection":[{"href":"https:\/\/autominiature.be\/en\/wp-json\/wp\/v2\/product"}],"about":[{"href":"https:\/\/autominiature.be\/en\/wp-json\/wp\/v2\/types\/product"}],"replies":[{"embeddable":true,"href":"https:\/\/autominiature.be\/en\/wp-json\/wp\/v2\/comments?post=155019"}],"wp:featuredmedia":[{"embeddable":true,"href":"https:\/\/autominiature.be\/en\/wp-json\/wp\/v2\/media\/155022"}],"wp:attachment":[{"href":"https:\/\/autominiature.be\/en\/wp-json\/wp\/v2\/media?parent=155019"}],"wp:term":[{"taxonomy":"product_brand","embeddable":true,"href":"https:\/\/autominiature.be\/en\/wp-json\/wp\/v2\/product_brand?post=155019"},{"taxonomy":"product_cat","embeddable":true,"href":"https:\/\/autominiature.be\/en\/wp-json\/wp\/v2\/product_cat?post=155019"},{"taxonomy":"product_tag","embeddable":true,"href":"https:\/\/autominiature.be\/en\/wp-json\/wp\/v2\/product_tag?post=155019"}],"curies":[{"name":"wp","href":"https:\/\/api.w.org\/{rel}","templated":true}]}}