{"id":163391,"date":"2007-02-13T15:30:07","date_gmt":"2007-02-13T15:30:07","guid":{"rendered":"https:\/\/autominiature.be\/product\/c3-tfpluriel-cafe-grand-mere-2004-2\/"},"modified":"2016-05-27T04:38:59","modified_gmt":"2016-05-27T04:38:59","slug":"c3-tfpluriel-cafe-grand-mere-2004","status":"publish","type":"product","link":"https:\/\/autominiature.be\/en\/produit\/c3-tfpluriel-cafe-grand-mere-2004\/","title":{"rendered":"C3 TFPluriel Caf\u00e9 Grand-m\u00e8re 2004"},"content":{"rendered":"<p>voiture Citro\u00ebn C3 Tour de France Caf\u00e9 Grand-m\u00e8re 2004<\/p>\n","protected":false},"excerpt":{"rendered":"<p>voiture Citro\u00ebn C3 Tour de France Caf\u00e9 Grand-m\u00e8re 2004<\/p>\n","protected":false},"featured_media":163394,"comment_status":"open","ping_status":"closed","template":"","meta":{"_acf_changed":false,"om_disable_all_campaigns":false,"_themeisle_gutenberg_block_has_review":false},"product_brand":[],"product_cat":[1650],"product_tag":[],"class_list":{"0":"post-163391","1":"product","2":"type-product","3":"status-publish","4":"has-post-thumbnail","6":"product_cat-tour-de-france-en","7":"manufacturers-norev","8":"brands-citroen","9":"scales-1675","11":"first","12":"outofstock","13":"taxable","14":"shipping-taxable","15":"purchasable","16":"product-type-simple"},"acf":[],"aioseo_notices":[],"_links":{"self":[{"href":"https:\/\/autominiature.be\/en\/wp-json\/wp\/v2\/product\/163391","targetHints":{"allow":["GET"]}}],"collection":[{"href":"https:\/\/autominiature.be\/en\/wp-json\/wp\/v2\/product"}],"about":[{"href":"https:\/\/autominiature.be\/en\/wp-json\/wp\/v2\/types\/product"}],"replies":[{"embeddable":true,"href":"https:\/\/autominiature.be\/en\/wp-json\/wp\/v2\/comments?post=163391"}],"wp:featuredmedia":[{"embeddable":true,"href":"https:\/\/autominiature.be\/en\/wp-json\/wp\/v2\/media\/163394"}],"wp:attachment":[{"href":"https:\/\/autominiature.be\/en\/wp-json\/wp\/v2\/media?parent=163391"}],"wp:term":[{"taxonomy":"product_brand","embeddable":true,"href":"https:\/\/autominiature.be\/en\/wp-json\/wp\/v2\/product_brand?post=163391"},{"taxonomy":"product_cat","embeddable":true,"href":"https:\/\/autominiature.be\/en\/wp-json\/wp\/v2\/product_cat?post=163391"},{"taxonomy":"product_tag","embeddable":true,"href":"https:\/\/autominiature.be\/en\/wp-json\/wp\/v2\/product_tag?post=163391"}],"curies":[{"name":"wp","href":"https:\/\/api.w.org\/{rel}","templated":true}]}}