{"id":167890,"date":"2007-02-22T15:28:06","date_gmt":"2007-02-22T15:28:06","guid":{"rendered":"https:\/\/autominiature.be\/product\/remorque-basculante-bilaterale-2\/"},"modified":"2016-05-27T04:58:49","modified_gmt":"2016-05-27T04:58:49","slug":"remorque-basculante-bilaterale","status":"publish","type":"product","link":"https:\/\/autominiature.be\/en\/produit\/remorque-basculante-bilaterale\/","title":{"rendered":"Remorque basculante bilat\u00e9rale"},"content":{"rendered":"<p>remorque basculante bilat\u00e9rale Fortuna avec batterie (chargeur et t\u00e9l\u00e9commande non fournis)<\/p>\n","protected":false},"excerpt":{"rendered":"<p>remorque basculante bilat\u00e9rale Fortuna avec batterie (chargeur et t\u00e9l\u00e9commande non fournis)<\/p>\n","protected":false},"featured_media":167893,"comment_status":"open","ping_status":"closed","template":"","meta":{"_acf_changed":false,"om_disable_all_campaigns":false,"_themeisle_gutenberg_block_has_review":false},"product_brand":[],"product_cat":[1622],"product_tag":[],"class_list":{"0":"post-167890","1":"product","2":"type-product","3":"status-publish","4":"has-post-thumbnail","6":"product_cat-agricole-en","7":"manufacturers-siku","8":"brands-fortuna","9":"scales-1674","11":"first","12":"instock","13":"taxable","14":"shipping-taxable","15":"purchasable","16":"product-type-simple"},"acf":[],"aioseo_notices":[],"_links":{"self":[{"href":"https:\/\/autominiature.be\/en\/wp-json\/wp\/v2\/product\/167890","targetHints":{"allow":["GET"]}}],"collection":[{"href":"https:\/\/autominiature.be\/en\/wp-json\/wp\/v2\/product"}],"about":[{"href":"https:\/\/autominiature.be\/en\/wp-json\/wp\/v2\/types\/product"}],"replies":[{"embeddable":true,"href":"https:\/\/autominiature.be\/en\/wp-json\/wp\/v2\/comments?post=167890"}],"wp:featuredmedia":[{"embeddable":true,"href":"https:\/\/autominiature.be\/en\/wp-json\/wp\/v2\/media\/167893"}],"wp:attachment":[{"href":"https:\/\/autominiature.be\/en\/wp-json\/wp\/v2\/media?parent=167890"}],"wp:term":[{"taxonomy":"product_brand","embeddable":true,"href":"https:\/\/autominiature.be\/en\/wp-json\/wp\/v2\/product_brand?post=167890"},{"taxonomy":"product_cat","embeddable":true,"href":"https:\/\/autominiature.be\/en\/wp-json\/wp\/v2\/product_cat?post=167890"},{"taxonomy":"product_tag","embeddable":true,"href":"https:\/\/autominiature.be\/en\/wp-json\/wp\/v2\/product_tag?post=167890"}],"curies":[{"name":"wp","href":"https:\/\/api.w.org\/{rel}","templated":true}]}}