{"id":169652,"date":"2007-02-24T16:31:13","date_gmt":"2007-02-24T16:31:13","guid":{"rendered":"https:\/\/autominiature.be\/product\/remorque-par-gravite-2\/"},"modified":"2016-05-27T05:06:46","modified_gmt":"2016-05-27T05:06:46","slug":"remorque-par-gravite","status":"publish","type":"product","link":"https:\/\/autominiature.be\/en\/produit\/remorque-par-gravite\/","title":{"rendered":"Remorque par gravit\u00e9"},"content":{"rendered":"<p>Remorque John Deere Remorque par gravit\u00e9 (m\u00e9tallique)<\/p>\n","protected":false},"excerpt":{"rendered":"<p>Remorque John Deere Remorque par gravit\u00e9 (m\u00e9tallique)<\/p>\n","protected":false},"featured_media":169655,"comment_status":"open","ping_status":"closed","template":"","meta":{"_acf_changed":false,"om_disable_all_campaigns":false,"_themeisle_gutenberg_block_has_review":false},"product_brand":[],"product_cat":[1622],"product_tag":[],"class_list":{"0":"post-169652","1":"product","2":"type-product","3":"status-publish","4":"has-post-thumbnail","6":"product_cat-agricole-en","7":"manufacturers-ertl","8":"brands-john-deere","9":"scales-1671","11":"first","12":"instock","13":"taxable","14":"shipping-taxable","15":"purchasable","16":"product-type-simple"},"acf":[],"aioseo_notices":[],"_links":{"self":[{"href":"https:\/\/autominiature.be\/en\/wp-json\/wp\/v2\/product\/169652","targetHints":{"allow":["GET"]}}],"collection":[{"href":"https:\/\/autominiature.be\/en\/wp-json\/wp\/v2\/product"}],"about":[{"href":"https:\/\/autominiature.be\/en\/wp-json\/wp\/v2\/types\/product"}],"replies":[{"embeddable":true,"href":"https:\/\/autominiature.be\/en\/wp-json\/wp\/v2\/comments?post=169652"}],"wp:featuredmedia":[{"embeddable":true,"href":"https:\/\/autominiature.be\/en\/wp-json\/wp\/v2\/media\/169655"}],"wp:attachment":[{"href":"https:\/\/autominiature.be\/en\/wp-json\/wp\/v2\/media?parent=169652"}],"wp:term":[{"taxonomy":"product_brand","embeddable":true,"href":"https:\/\/autominiature.be\/en\/wp-json\/wp\/v2\/product_brand?post=169652"},{"taxonomy":"product_cat","embeddable":true,"href":"https:\/\/autominiature.be\/en\/wp-json\/wp\/v2\/product_cat?post=169652"},{"taxonomy":"product_tag","embeddable":true,"href":"https:\/\/autominiature.be\/en\/wp-json\/wp\/v2\/product_tag?post=169652"}],"curies":[{"name":"wp","href":"https:\/\/api.w.org\/{rel}","templated":true}]}}