{"id":171739,"date":"2007-03-01T11:43:15","date_gmt":"2007-03-01T11:43:15","guid":{"rendered":"https:\/\/autominiature.be\/product\/manlift-nacelle-elevatrice-hydraulique-2\/"},"modified":"2016-05-27T05:16:29","modified_gmt":"2016-05-27T05:16:29","slug":"manlift-nacelle-elevatrice-hydraulique","status":"publish","type":"product","link":"https:\/\/autominiature.be\/en\/produit\/manlift-nacelle-elevatrice-hydraulique\/","title":{"rendered":"Manlift nacelle \u00e9l\u00e9vatrice hydraulique"},"content":{"rendered":"<p>Grove Manlift nacelle \u00e9l\u00e9vatrice hydraulique<\/p>\n","protected":false},"excerpt":{"rendered":"<p>Grove Manlift nacelle \u00e9l\u00e9vatrice hydraulique<\/p>\n","protected":false},"featured_media":171742,"comment_status":"open","ping_status":"closed","template":"","meta":{"_acf_changed":false,"om_disable_all_campaigns":false,"_themeisle_gutenberg_block_has_review":false},"product_brand":[],"product_cat":[1638],"product_tag":[],"class_list":{"0":"post-171739","1":"product","2":"type-product","3":"status-publish","4":"has-post-thumbnail","6":"product_cat-genie-civil-en","7":"manufacturers-joal","8":"brands-grove","9":"scales-1668","11":"first","12":"outofstock","13":"taxable","14":"shipping-taxable","15":"purchasable","16":"product-type-simple"},"acf":[],"aioseo_notices":[],"_links":{"self":[{"href":"https:\/\/autominiature.be\/en\/wp-json\/wp\/v2\/product\/171739","targetHints":{"allow":["GET"]}}],"collection":[{"href":"https:\/\/autominiature.be\/en\/wp-json\/wp\/v2\/product"}],"about":[{"href":"https:\/\/autominiature.be\/en\/wp-json\/wp\/v2\/types\/product"}],"replies":[{"embeddable":true,"href":"https:\/\/autominiature.be\/en\/wp-json\/wp\/v2\/comments?post=171739"}],"wp:featuredmedia":[{"embeddable":true,"href":"https:\/\/autominiature.be\/en\/wp-json\/wp\/v2\/media\/171742"}],"wp:attachment":[{"href":"https:\/\/autominiature.be\/en\/wp-json\/wp\/v2\/media?parent=171739"}],"wp:term":[{"taxonomy":"product_brand","embeddable":true,"href":"https:\/\/autominiature.be\/en\/wp-json\/wp\/v2\/product_brand?post=171739"},{"taxonomy":"product_cat","embeddable":true,"href":"https:\/\/autominiature.be\/en\/wp-json\/wp\/v2\/product_cat?post=171739"},{"taxonomy":"product_tag","embeddable":true,"href":"https:\/\/autominiature.be\/en\/wp-json\/wp\/v2\/product_tag?post=171739"}],"curies":[{"name":"wp","href":"https:\/\/api.w.org\/{rel}","templated":true}]}}