{"id":172219,"date":"2007-03-01T16:28:25","date_gmt":"2007-03-01T16:28:25","guid":{"rendered":"https:\/\/autominiature.be\/product\/defender-serie-3-hard-top-post-office-telephones-2\/"},"modified":"2016-05-27T05:18:26","modified_gmt":"2016-05-27T05:18:26","slug":"defender-serie-3-hard-top-post-office-telephones","status":"publish","type":"product","link":"https:\/\/autominiature.be\/en\/produit\/defender-serie-3-hard-top-post-office-telephones\/","title":{"rendered":"Defender s\u00e9rie 3 hard top Post office t\u00e9l\u00e9phones"},"content":{"rendered":"<p>voiture Land Rover Defender s\u00e9rie 3 hard top Post office t\u00e9l\u00e9phones<\/p>\n","protected":false},"excerpt":{"rendered":"<p>voiture Land Rover Defender s\u00e9rie 3 hard top Post office t\u00e9l\u00e9phones<\/p>\n","protected":false},"featured_media":172222,"comment_status":"open","ping_status":"closed","template":"","meta":{"_acf_changed":false,"om_disable_all_campaigns":false,"_themeisle_gutenberg_block_has_review":false},"product_brand":[],"product_cat":[1652],"product_tag":[],"class_list":{"0":"post-172219","1":"product","2":"type-product","3":"status-publish","4":"has-post-thumbnail","6":"product_cat-publicitaire-en","7":"manufacturers-universal-hobbies","8":"brands-land-rover","9":"scales-1672","11":"first","12":"outofstock","13":"taxable","14":"shipping-taxable","15":"purchasable","16":"product-type-simple"},"acf":[],"aioseo_notices":[],"_links":{"self":[{"href":"https:\/\/autominiature.be\/en\/wp-json\/wp\/v2\/product\/172219","targetHints":{"allow":["GET"]}}],"collection":[{"href":"https:\/\/autominiature.be\/en\/wp-json\/wp\/v2\/product"}],"about":[{"href":"https:\/\/autominiature.be\/en\/wp-json\/wp\/v2\/types\/product"}],"replies":[{"embeddable":true,"href":"https:\/\/autominiature.be\/en\/wp-json\/wp\/v2\/comments?post=172219"}],"wp:featuredmedia":[{"embeddable":true,"href":"https:\/\/autominiature.be\/en\/wp-json\/wp\/v2\/media\/172222"}],"wp:attachment":[{"href":"https:\/\/autominiature.be\/en\/wp-json\/wp\/v2\/media?parent=172219"}],"wp:term":[{"taxonomy":"product_brand","embeddable":true,"href":"https:\/\/autominiature.be\/en\/wp-json\/wp\/v2\/product_brand?post=172219"},{"taxonomy":"product_cat","embeddable":true,"href":"https:\/\/autominiature.be\/en\/wp-json\/wp\/v2\/product_cat?post=172219"},{"taxonomy":"product_tag","embeddable":true,"href":"https:\/\/autominiature.be\/en\/wp-json\/wp\/v2\/product_tag?post=172219"}],"curies":[{"name":"wp","href":"https:\/\/api.w.org\/{rel}","templated":true}]}}