{"id":172645,"date":"2007-03-02T17:41:09","date_gmt":"2007-03-02T17:41:09","guid":{"rendered":"https:\/\/autominiature.be\/product\/gallardo-edition-limitee-2\/"},"modified":"2016-05-27T05:20:20","modified_gmt":"2016-05-27T05:20:20","slug":"gallardo-edition-limitee","status":"publish","type":"product","link":"https:\/\/autominiature.be\/en\/produit\/gallardo-edition-limitee\/","title":{"rendered":"Gallardo \u00e9dition limit\u00e9e"},"content":{"rendered":"<p>voiture Lamborghini Gallardo \u00e9dition limit\u00e9e gris<\/p>\n","protected":false},"excerpt":{"rendered":"<p>voiture Lamborghini Gallardo \u00e9dition limit\u00e9e gris<\/p>\n","protected":false},"featured_media":172648,"comment_status":"open","ping_status":"closed","template":"","meta":{"_acf_changed":false,"om_disable_all_campaigns":false,"_themeisle_gutenberg_block_has_review":false},"product_brand":[],"product_cat":[1624],"product_tag":[],"class_list":{"0":"post-172645","1":"product","2":"type-product","3":"status-publish","4":"has-post-thumbnail","6":"product_cat-voiture-en","7":"manufacturers-autoart","8":"brands-lamborghini","9":"scales-1665","11":"first","12":"outofstock","13":"taxable","14":"shipping-taxable","15":"purchasable","16":"product-type-simple"},"acf":[],"aioseo_notices":[],"_links":{"self":[{"href":"https:\/\/autominiature.be\/en\/wp-json\/wp\/v2\/product\/172645","targetHints":{"allow":["GET"]}}],"collection":[{"href":"https:\/\/autominiature.be\/en\/wp-json\/wp\/v2\/product"}],"about":[{"href":"https:\/\/autominiature.be\/en\/wp-json\/wp\/v2\/types\/product"}],"replies":[{"embeddable":true,"href":"https:\/\/autominiature.be\/en\/wp-json\/wp\/v2\/comments?post=172645"}],"wp:featuredmedia":[{"embeddable":true,"href":"https:\/\/autominiature.be\/en\/wp-json\/wp\/v2\/media\/172648"}],"wp:attachment":[{"href":"https:\/\/autominiature.be\/en\/wp-json\/wp\/v2\/media?parent=172645"}],"wp:term":[{"taxonomy":"product_brand","embeddable":true,"href":"https:\/\/autominiature.be\/en\/wp-json\/wp\/v2\/product_brand?post=172645"},{"taxonomy":"product_cat","embeddable":true,"href":"https:\/\/autominiature.be\/en\/wp-json\/wp\/v2\/product_cat?post=172645"},{"taxonomy":"product_tag","embeddable":true,"href":"https:\/\/autominiature.be\/en\/wp-json\/wp\/v2\/product_tag?post=172645"}],"curies":[{"name":"wp","href":"https:\/\/api.w.org\/{rel}","templated":true}]}}