{"id":172747,"date":"2007-03-06T16:53:27","date_gmt":"2007-03-06T16:53:27","guid":{"rendered":"https:\/\/autominiature.be\/product\/l510-stereo-2\/"},"modified":"2016-05-27T05:20:49","modified_gmt":"2016-05-27T05:20:49","slug":"l510-stereo","status":"publish","type":"product","link":"https:\/\/autominiature.be\/en\/produit\/l510-stereo\/","title":{"rendered":"L510 St\u00e9r\u00e9o"},"content":{"rendered":"<p>Chargeuse Liebherr L510 St\u00e9r\u00e9o<\/p>\n","protected":false},"excerpt":{"rendered":"<p>Chargeuse Liebherr L510 St\u00e9r\u00e9o<\/p>\n","protected":false},"featured_media":172750,"comment_status":"open","ping_status":"closed","template":"","meta":{"_acf_changed":false,"om_disable_all_campaigns":false,"_themeisle_gutenberg_block_has_review":false},"product_brand":[],"product_cat":[1638],"product_tag":[],"class_list":{"0":"post-172747","1":"product","2":"type-product","3":"status-publish","4":"has-post-thumbnail","6":"product_cat-genie-civil-en","7":"manufacturers-nzg","8":"brands-liebherr","9":"scales-1667","11":"first","12":"instock","13":"taxable","14":"shipping-taxable","15":"purchasable","16":"product-type-simple"},"acf":[],"aioseo_notices":[],"_links":{"self":[{"href":"https:\/\/autominiature.be\/en\/wp-json\/wp\/v2\/product\/172747","targetHints":{"allow":["GET"]}}],"collection":[{"href":"https:\/\/autominiature.be\/en\/wp-json\/wp\/v2\/product"}],"about":[{"href":"https:\/\/autominiature.be\/en\/wp-json\/wp\/v2\/types\/product"}],"replies":[{"embeddable":true,"href":"https:\/\/autominiature.be\/en\/wp-json\/wp\/v2\/comments?post=172747"}],"wp:featuredmedia":[{"embeddable":true,"href":"https:\/\/autominiature.be\/en\/wp-json\/wp\/v2\/media\/172750"}],"wp:attachment":[{"href":"https:\/\/autominiature.be\/en\/wp-json\/wp\/v2\/media?parent=172747"}],"wp:term":[{"taxonomy":"product_brand","embeddable":true,"href":"https:\/\/autominiature.be\/en\/wp-json\/wp\/v2\/product_brand?post=172747"},{"taxonomy":"product_cat","embeddable":true,"href":"https:\/\/autominiature.be\/en\/wp-json\/wp\/v2\/product_cat?post=172747"},{"taxonomy":"product_tag","embeddable":true,"href":"https:\/\/autominiature.be\/en\/wp-json\/wp\/v2\/product_tag?post=172747"}],"curies":[{"name":"wp","href":"https:\/\/api.w.org\/{rel}","templated":true}]}}