{"id":173269,"date":"2007-03-08T19:21:51","date_gmt":"2007-03-08T19:21:51","guid":{"rendered":"https:\/\/autominiature.be\/product\/300sl-5\/"},"modified":"2016-05-27T05:22:59","modified_gmt":"2016-05-27T05:22:59","slug":"300sl-4","status":"publish","type":"product","link":"https:\/\/autominiature.be\/en\/produit\/300sl-4\/","title":{"rendered":"300SL"},"content":{"rendered":"<p>Mercedes-Benz 300sl dunkelrot \u00e9dition limit\u00e9e 1000 pi\u00e8ces<\/p>\n","protected":false},"excerpt":{"rendered":"<p>Mercedes-Benz 300sl dunkelrot \u00e9dition limit\u00e9e 1000 pi\u00e8ces<\/p>\n","protected":false},"featured_media":173272,"comment_status":"open","ping_status":"closed","template":"","meta":{"_acf_changed":false,"om_disable_all_campaigns":false,"_themeisle_gutenberg_block_has_review":false},"product_brand":[],"product_cat":[1624],"product_tag":[],"class_list":{"0":"post-173269","1":"product","2":"type-product","3":"status-publish","4":"has-post-thumbnail","6":"product_cat-voiture-en","7":"manufacturers-bub","8":"brands-mercedes-benz","9":"scales-1676","11":"first","12":"instock","13":"taxable","14":"shipping-taxable","15":"purchasable","16":"product-type-simple"},"acf":[],"aioseo_notices":[],"_links":{"self":[{"href":"https:\/\/autominiature.be\/en\/wp-json\/wp\/v2\/product\/173269","targetHints":{"allow":["GET"]}}],"collection":[{"href":"https:\/\/autominiature.be\/en\/wp-json\/wp\/v2\/product"}],"about":[{"href":"https:\/\/autominiature.be\/en\/wp-json\/wp\/v2\/types\/product"}],"replies":[{"embeddable":true,"href":"https:\/\/autominiature.be\/en\/wp-json\/wp\/v2\/comments?post=173269"}],"wp:featuredmedia":[{"embeddable":true,"href":"https:\/\/autominiature.be\/en\/wp-json\/wp\/v2\/media\/173272"}],"wp:attachment":[{"href":"https:\/\/autominiature.be\/en\/wp-json\/wp\/v2\/media?parent=173269"}],"wp:term":[{"taxonomy":"product_brand","embeddable":true,"href":"https:\/\/autominiature.be\/en\/wp-json\/wp\/v2\/product_brand?post=173269"},{"taxonomy":"product_cat","embeddable":true,"href":"https:\/\/autominiature.be\/en\/wp-json\/wp\/v2\/product_cat?post=173269"},{"taxonomy":"product_tag","embeddable":true,"href":"https:\/\/autominiature.be\/en\/wp-json\/wp\/v2\/product_tag?post=173269"}],"curies":[{"name":"wp","href":"https:\/\/api.w.org\/{rel}","templated":true}]}}