{"id":173677,"date":"2007-03-29T19:04:49","date_gmt":"2007-03-29T19:04:49","guid":{"rendered":"https:\/\/autominiature.be\/product\/eil-bulldog-3\/"},"modified":"2016-05-27T05:24:50","modified_gmt":"2016-05-27T05:24:50","slug":"eil-bulldog-2","status":"publish","type":"product","link":"https:\/\/autominiature.be\/en\/produit\/eil-bulldog-2\/","title":{"rendered":"Eil bulldog"},"content":{"rendered":"<p>Lanz eil bulldog t\u00e9l\u00e9command\u00e9<\/p>\n","protected":false},"excerpt":{"rendered":"<p>Lanz eil bulldog t\u00e9l\u00e9command\u00e9 <\/p>\n","protected":false},"featured_media":173680,"comment_status":"open","ping_status":"closed","template":"","meta":{"_acf_changed":false,"om_disable_all_campaigns":false,"_themeisle_gutenberg_block_has_review":false},"product_brand":[],"product_cat":[1622],"product_tag":[],"class_list":{"0":"post-173677","1":"product","2":"type-product","3":"status-publish","4":"has-post-thumbnail","6":"product_cat-agricole-en","7":"manufacturers-siku","8":"brands-lanz","9":"scales-1674","11":"first","12":"outofstock","13":"taxable","14":"shipping-taxable","15":"purchasable","16":"product-type-simple"},"acf":[],"aioseo_notices":[],"_links":{"self":[{"href":"https:\/\/autominiature.be\/en\/wp-json\/wp\/v2\/product\/173677","targetHints":{"allow":["GET"]}}],"collection":[{"href":"https:\/\/autominiature.be\/en\/wp-json\/wp\/v2\/product"}],"about":[{"href":"https:\/\/autominiature.be\/en\/wp-json\/wp\/v2\/types\/product"}],"replies":[{"embeddable":true,"href":"https:\/\/autominiature.be\/en\/wp-json\/wp\/v2\/comments?post=173677"}],"wp:featuredmedia":[{"embeddable":true,"href":"https:\/\/autominiature.be\/en\/wp-json\/wp\/v2\/media\/173680"}],"wp:attachment":[{"href":"https:\/\/autominiature.be\/en\/wp-json\/wp\/v2\/media?parent=173677"}],"wp:term":[{"taxonomy":"product_brand","embeddable":true,"href":"https:\/\/autominiature.be\/en\/wp-json\/wp\/v2\/product_brand?post=173677"},{"taxonomy":"product_cat","embeddable":true,"href":"https:\/\/autominiature.be\/en\/wp-json\/wp\/v2\/product_cat?post=173677"},{"taxonomy":"product_tag","embeddable":true,"href":"https:\/\/autominiature.be\/en\/wp-json\/wp\/v2\/product_tag?post=173677"}],"curies":[{"name":"wp","href":"https:\/\/api.w.org\/{rel}","templated":true}]}}