{"id":175153,"date":"2007-07-26T13:52:36","date_gmt":"2007-07-26T13:52:36","guid":{"rendered":"https:\/\/autominiature.be\/product\/pc1100lc-6-3\/"},"modified":"2016-05-27T05:31:35","modified_gmt":"2016-05-27T05:31:35","slug":"pc1100lc-6-2","status":"publish","type":"product","link":"https:\/\/autominiature.be\/en\/produit\/pc1100lc-6-2\/","title":{"rendered":"PC1100LC-6"},"content":{"rendered":"<p>Pelle m\u00e9canique \u00e0 mat\u00e9riaux komatsu pc1100lc-6<\/p>\n","protected":false},"excerpt":{"rendered":"<p>Pelle m\u00e9canique \u00e0 mat\u00e9riaux komatsu pc1100lc-6<\/p>\n","protected":false},"featured_media":175156,"comment_status":"open","ping_status":"closed","template":"","meta":{"_acf_changed":false,"om_disable_all_campaigns":false,"_themeisle_gutenberg_block_has_review":false},"product_brand":[],"product_cat":[1638],"product_tag":[],"class_list":{"0":"post-175153","1":"product","2":"type-product","3":"status-publish","4":"has-post-thumbnail","6":"product_cat-genie-civil-en","7":"manufacturers-joal","8":"brands-komatsu","9":"scales-1667","11":"first","12":"outofstock","13":"taxable","14":"shipping-taxable","15":"purchasable","16":"product-type-simple"},"acf":[],"aioseo_notices":[],"_links":{"self":[{"href":"https:\/\/autominiature.be\/en\/wp-json\/wp\/v2\/product\/175153","targetHints":{"allow":["GET"]}}],"collection":[{"href":"https:\/\/autominiature.be\/en\/wp-json\/wp\/v2\/product"}],"about":[{"href":"https:\/\/autominiature.be\/en\/wp-json\/wp\/v2\/types\/product"}],"replies":[{"embeddable":true,"href":"https:\/\/autominiature.be\/en\/wp-json\/wp\/v2\/comments?post=175153"}],"wp:featuredmedia":[{"embeddable":true,"href":"https:\/\/autominiature.be\/en\/wp-json\/wp\/v2\/media\/175156"}],"wp:attachment":[{"href":"https:\/\/autominiature.be\/en\/wp-json\/wp\/v2\/media?parent=175153"}],"wp:term":[{"taxonomy":"product_brand","embeddable":true,"href":"https:\/\/autominiature.be\/en\/wp-json\/wp\/v2\/product_brand?post=175153"},{"taxonomy":"product_cat","embeddable":true,"href":"https:\/\/autominiature.be\/en\/wp-json\/wp\/v2\/product_cat?post=175153"},{"taxonomy":"product_tag","embeddable":true,"href":"https:\/\/autominiature.be\/en\/wp-json\/wp\/v2\/product_tag?post=175153"}],"curies":[{"name":"wp","href":"https:\/\/api.w.org\/{rel}","templated":true}]}}