{"id":176287,"date":"2007-12-22T12:39:27","date_gmt":"2007-12-22T12:39:27","guid":{"rendered":"https:\/\/autominiature.be\/product\/samba-bus-2\/"},"modified":"2016-05-27T05:36:50","modified_gmt":"2016-05-27T05:36:50","slug":"samba-bus","status":"publish","type":"product","link":"https:\/\/autominiature.be\/en\/produit\/samba-bus\/","title":{"rendered":"Samba bus"},"content":{"rendered":"<p>Vw samba bus tr\u00e8s d\u00e9taill\u00e9<\/p>\n","protected":false},"excerpt":{"rendered":"<p>Vw samba bus tr\u00e8s d\u00e9taill\u00e9<\/p>\n","protected":false},"featured_media":176290,"comment_status":"open","ping_status":"closed","template":"","meta":{"_acf_changed":false,"om_disable_all_campaigns":false,"_themeisle_gutenberg_block_has_review":false},"product_brand":[],"product_cat":[1656],"product_tag":[],"class_list":{"0":"post-176287","1":"product","2":"type-product","3":"status-publish","4":"has-post-thumbnail","6":"product_cat-bus-en","7":"manufacturers-sunstar","8":"brands-vw","9":"scales-1665","11":"first","12":"outofstock","13":"taxable","14":"shipping-taxable","15":"purchasable","16":"product-type-simple"},"acf":[],"aioseo_notices":[],"_links":{"self":[{"href":"https:\/\/autominiature.be\/en\/wp-json\/wp\/v2\/product\/176287","targetHints":{"allow":["GET"]}}],"collection":[{"href":"https:\/\/autominiature.be\/en\/wp-json\/wp\/v2\/product"}],"about":[{"href":"https:\/\/autominiature.be\/en\/wp-json\/wp\/v2\/types\/product"}],"replies":[{"embeddable":true,"href":"https:\/\/autominiature.be\/en\/wp-json\/wp\/v2\/comments?post=176287"}],"wp:featuredmedia":[{"embeddable":true,"href":"https:\/\/autominiature.be\/en\/wp-json\/wp\/v2\/media\/176290"}],"wp:attachment":[{"href":"https:\/\/autominiature.be\/en\/wp-json\/wp\/v2\/media?parent=176287"}],"wp:term":[{"taxonomy":"product_brand","embeddable":true,"href":"https:\/\/autominiature.be\/en\/wp-json\/wp\/v2\/product_brand?post=176287"},{"taxonomy":"product_cat","embeddable":true,"href":"https:\/\/autominiature.be\/en\/wp-json\/wp\/v2\/product_cat?post=176287"},{"taxonomy":"product_tag","embeddable":true,"href":"https:\/\/autominiature.be\/en\/wp-json\/wp\/v2\/product_tag?post=176287"}],"curies":[{"name":"wp","href":"https:\/\/api.w.org\/{rel}","templated":true}]}}