{"id":206403,"date":"2013-07-13T11:27:43","date_gmt":"2013-07-13T11:27:43","guid":{"rendered":"https:\/\/autominiature.be\/product\/8345r-5\/"},"modified":"2016-05-27T08:40:21","modified_gmt":"2016-05-27T08:40:21","slug":"8345r-4","status":"publish","type":"product","link":"https:\/\/autominiature.be\/en\/produit\/8345r-4\/","title":{"rendered":"8345r"},"content":{"rendered":"<p>tracteur t\u00e9l\u00e9guid\u00e9 john deere 8345r<\/p>\n","protected":false},"excerpt":{"rendered":"<p>tracteur t\u00e9l\u00e9guid\u00e9 john deere 8345r<\/p>\n","protected":false},"featured_media":206406,"comment_status":"open","ping_status":"closed","template":"","meta":{"_acf_changed":false,"om_disable_all_campaigns":false,"_themeisle_gutenberg_block_has_review":false},"product_brand":[],"product_cat":[1622],"product_tag":[],"class_list":{"0":"post-206403","1":"product","2":"type-product","3":"status-publish","4":"has-post-thumbnail","6":"product_cat-agricole-en","7":"manufacturers-siku","8":"brands-john-deere","9":"scales-1674","11":"first","12":"outofstock","13":"taxable","14":"shipping-taxable","15":"purchasable","16":"product-type-simple"},"acf":[],"aioseo_notices":[],"_links":{"self":[{"href":"https:\/\/autominiature.be\/en\/wp-json\/wp\/v2\/product\/206403","targetHints":{"allow":["GET"]}}],"collection":[{"href":"https:\/\/autominiature.be\/en\/wp-json\/wp\/v2\/product"}],"about":[{"href":"https:\/\/autominiature.be\/en\/wp-json\/wp\/v2\/types\/product"}],"replies":[{"embeddable":true,"href":"https:\/\/autominiature.be\/en\/wp-json\/wp\/v2\/comments?post=206403"}],"wp:featuredmedia":[{"embeddable":true,"href":"https:\/\/autominiature.be\/en\/wp-json\/wp\/v2\/media\/206406"}],"wp:attachment":[{"href":"https:\/\/autominiature.be\/en\/wp-json\/wp\/v2\/media?parent=206403"}],"wp:term":[{"taxonomy":"product_brand","embeddable":true,"href":"https:\/\/autominiature.be\/en\/wp-json\/wp\/v2\/product_brand?post=206403"},{"taxonomy":"product_cat","embeddable":true,"href":"https:\/\/autominiature.be\/en\/wp-json\/wp\/v2\/product_cat?post=206403"},{"taxonomy":"product_tag","embeddable":true,"href":"https:\/\/autominiature.be\/en\/wp-json\/wp\/v2\/product_tag?post=206403"}],"curies":[{"name":"wp","href":"https:\/\/api.w.org\/{rel}","templated":true}]}}