{"id":290143,"date":"2025-03-21T13:09:41","date_gmt":"2025-03-21T11:09:41","guid":{"rendered":"https:\/\/autominiature.be\/produit\/1167-2\/"},"modified":"2025-03-21T13:20:25","modified_gmt":"2025-03-21T11:20:25","slug":"1167-2","status":"publish","type":"product","link":"https:\/\/autominiature.be\/en\/produit\/1167-2\/","title":{"rendered":"1167"},"content":{"rendered":"<p>Tracteur Fendt 1167 Vario MT, 1:32, T\u00e9l\u00e9command\u00e9, T\u00e9l\u00e9commande Bluetooth et Accessoires inclus<\/p>\n","protected":false},"excerpt":{"rendered":"<p> Tracteur Fendt 1167 Vario MT, 1:32, T\u00e9l\u00e9command\u00e9, T\u00e9l\u00e9commande Bluetooth et Accessoires inclus<\/p>\n","protected":false},"featured_media":290141,"comment_status":"open","ping_status":"closed","template":"","meta":{"_acf_changed":false,"om_disable_all_campaigns":false,"_themeisle_gutenberg_block_has_review":false},"product_brand":[],"product_cat":[1622],"product_tag":[],"class_list":{"0":"post-290143","1":"product","2":"type-product","3":"status-publish","4":"has-post-thumbnail","6":"product_cat-agricole-en","7":"manufacturers-siku","8":"brands-fendt","9":"scales-1674","11":"first","12":"instock","13":"featured","14":"taxable","15":"shipping-taxable","16":"purchasable","17":"product-type-simple"},"acf":[],"aioseo_notices":[],"_links":{"self":[{"href":"https:\/\/autominiature.be\/en\/wp-json\/wp\/v2\/product\/290143","targetHints":{"allow":["GET"]}}],"collection":[{"href":"https:\/\/autominiature.be\/en\/wp-json\/wp\/v2\/product"}],"about":[{"href":"https:\/\/autominiature.be\/en\/wp-json\/wp\/v2\/types\/product"}],"replies":[{"embeddable":true,"href":"https:\/\/autominiature.be\/en\/wp-json\/wp\/v2\/comments?post=290143"}],"wp:featuredmedia":[{"embeddable":true,"href":"https:\/\/autominiature.be\/en\/wp-json\/wp\/v2\/media\/290141"}],"wp:attachment":[{"href":"https:\/\/autominiature.be\/en\/wp-json\/wp\/v2\/media?parent=290143"}],"wp:term":[{"taxonomy":"product_brand","embeddable":true,"href":"https:\/\/autominiature.be\/en\/wp-json\/wp\/v2\/product_brand?post=290143"},{"taxonomy":"product_cat","embeddable":true,"href":"https:\/\/autominiature.be\/en\/wp-json\/wp\/v2\/product_cat?post=290143"},{"taxonomy":"product_tag","embeddable":true,"href":"https:\/\/autominiature.be\/en\/wp-json\/wp\/v2\/product_tag?post=290143"}],"curies":[{"name":"wp","href":"https:\/\/api.w.org\/{rel}","templated":true}]}}