{"id":294613,"date":"2025-09-17T11:59:49","date_gmt":"2025-09-17T09:59:49","guid":{"rendered":"https:\/\/autominiature.be\/produit\/302-8\/"},"modified":"2025-09-17T12:01:21","modified_gmt":"2025-09-17T10:01:21","slug":"302-8","status":"publish","type":"product","link":"https:\/\/autominiature.be\/en\/produit\/302-8\/","title":{"rendered":"302"},"content":{"rendered":"<p>Tracteur soci\u00e9t\u00e9 fran\u00e7aise vierzon 302 deuxieme serie 1953<\/p>\n","protected":false},"excerpt":{"rendered":"<p>Tracteur soci\u00e9t\u00e9 fran\u00e7aise vierzon 302 deuxieme serie 1953<\/p>\n","protected":false},"featured_media":294611,"comment_status":"open","ping_status":"closed","template":"","meta":{"_acf_changed":false,"om_disable_all_campaigns":false,"_themeisle_gutenberg_block_has_review":false},"product_brand":[],"product_cat":[1622],"product_tag":[],"class_list":{"0":"post-294613","1":"product","2":"type-product","3":"status-publish","4":"has-post-thumbnail","6":"product_cat-agricole-en","7":"manufacturers-replicagri","8":"brands-societe-francaise-vierzon","9":"scales-1674","11":"first","12":"instock","13":"featured","14":"taxable","15":"shipping-taxable","16":"purchasable","17":"product-type-simple"},"acf":[],"aioseo_notices":[],"_links":{"self":[{"href":"https:\/\/autominiature.be\/en\/wp-json\/wp\/v2\/product\/294613","targetHints":{"allow":["GET"]}}],"collection":[{"href":"https:\/\/autominiature.be\/en\/wp-json\/wp\/v2\/product"}],"about":[{"href":"https:\/\/autominiature.be\/en\/wp-json\/wp\/v2\/types\/product"}],"replies":[{"embeddable":true,"href":"https:\/\/autominiature.be\/en\/wp-json\/wp\/v2\/comments?post=294613"}],"wp:featuredmedia":[{"embeddable":true,"href":"https:\/\/autominiature.be\/en\/wp-json\/wp\/v2\/media\/294611"}],"wp:attachment":[{"href":"https:\/\/autominiature.be\/en\/wp-json\/wp\/v2\/media?parent=294613"}],"wp:term":[{"taxonomy":"product_brand","embeddable":true,"href":"https:\/\/autominiature.be\/en\/wp-json\/wp\/v2\/product_brand?post=294613"},{"taxonomy":"product_cat","embeddable":true,"href":"https:\/\/autominiature.be\/en\/wp-json\/wp\/v2\/product_cat?post=294613"},{"taxonomy":"product_tag","embeddable":true,"href":"https:\/\/autominiature.be\/en\/wp-json\/wp\/v2\/product_tag?post=294613"}],"curies":[{"name":"wp","href":"https:\/\/api.w.org\/{rel}","templated":true}]}}