{"id":298651,"date":"2025-12-21T12:34:56","date_gmt":"2025-12-21T10:34:56","guid":{"rendered":"https:\/\/autominiature.be\/produit\/seeding-combination\/"},"modified":"2025-12-21T12:35:54","modified_gmt":"2025-12-21T10:35:54","slug":"seeding-combination","status":"publish","type":"product","link":"https:\/\/autominiature.be\/en\/produit\/seeding-combination\/","title":{"rendered":"seeding combination"},"content":{"rendered":"<p>combin\u00e9 de semis ALPEGO avec herse rotative DTEK PLUS 600, mod\u00e8le en 6 m\u00e8tres avec dents bleu + barre de semis RUBBER + tr\u00e9mie ASPRO avec microgranulateur<br \/>\ndtek plus 600 + trapeze roller power harrow  rubber single disc seeding bar  aspro front hopper + microjet additional microgranulator<\/p>\n","protected":false},"excerpt":{"rendered":"<p> combin\u00e9 de semis ALPEGO avec herse rotative DTEK PLUS 600, mod\u00e8le en 6 m\u00e8tres avec dents bleu + barre de semis RUBBER + tr\u00e9mie ASPRO avec microgranulateur<br \/>\ndtek plus 600 + trapeze roller power harrow  rubber single disc seeding bar  aspro front hopper + microjet additional microgranulator<\/p>\n","protected":false},"featured_media":298649,"comment_status":"open","ping_status":"closed","template":"","meta":{"_acf_changed":false,"om_disable_all_campaigns":false,"_themeisle_gutenberg_block_has_review":false},"product_brand":[],"product_cat":[1622],"product_tag":[],"class_list":{"0":"post-298651","1":"product","2":"type-product","3":"status-publish","4":"has-post-thumbnail","6":"product_cat-agricole-en","7":"manufacturers-ros","8":"brands-alpego","9":"scales-1674","11":"first","12":"instock","13":"featured","14":"taxable","15":"shipping-taxable","16":"purchasable","17":"product-type-simple"},"acf":[],"aioseo_notices":[],"_links":{"self":[{"href":"https:\/\/autominiature.be\/en\/wp-json\/wp\/v2\/product\/298651","targetHints":{"allow":["GET"]}}],"collection":[{"href":"https:\/\/autominiature.be\/en\/wp-json\/wp\/v2\/product"}],"about":[{"href":"https:\/\/autominiature.be\/en\/wp-json\/wp\/v2\/types\/product"}],"replies":[{"embeddable":true,"href":"https:\/\/autominiature.be\/en\/wp-json\/wp\/v2\/comments?post=298651"}],"wp:featuredmedia":[{"embeddable":true,"href":"https:\/\/autominiature.be\/en\/wp-json\/wp\/v2\/media\/298649"}],"wp:attachment":[{"href":"https:\/\/autominiature.be\/en\/wp-json\/wp\/v2\/media?parent=298651"}],"wp:term":[{"taxonomy":"product_brand","embeddable":true,"href":"https:\/\/autominiature.be\/en\/wp-json\/wp\/v2\/product_brand?post=298651"},{"taxonomy":"product_cat","embeddable":true,"href":"https:\/\/autominiature.be\/en\/wp-json\/wp\/v2\/product_cat?post=298651"},{"taxonomy":"product_tag","embeddable":true,"href":"https:\/\/autominiature.be\/en\/wp-json\/wp\/v2\/product_tag?post=298651"}],"curies":[{"name":"wp","href":"https:\/\/api.w.org\/{rel}","templated":true}]}}